{"id":7586,"date":"2024-10-09T10:02:50","date_gmt":"2024-10-09T08:02:50","guid":{"rendered":"https:\/\/www.jailletskishop.com\/terms-conditions\/"},"modified":"2024-10-09T10:02:51","modified_gmt":"2024-10-09T08:02:51","slug":"terms-conditions","status":"publish","type":"page","link":"https:\/\/www.jailletskishop.com\/en\/terms-conditions\/","title":{"rendered":"Terms &#038; Conditions"},"content":{"rendered":"<div class=\"wpb-content-wrapper\"><p>[vc_row][vc_column][vc_column_text css=&#8221;&#8221;]<\/p>\n\n<h2 class=\"wp-block-heading\">Article 1: Proposed equipment<\/h2>\n<p>Le mat\u00e9riel propos\u00e9 \u00e0 la R\u00e9servation sur le site Internet est d\u00e9crit sur celui-ci, \u00e9tant pr\u00e9cis\u00e9 que seules que les cat\u00e9gories de mat\u00e9riel sont propos\u00e9es et non des mod\u00e8les pr\u00e9cis. Le client s\u00e9lectionne et r\u00e9serve une cat\u00e9gorie de mat\u00e9riel. les exemples de mat\u00e9riel sont donn\u00e9s purement \u00e0 titre indicatif et non pas de valeur contractuelle.<\/p>\n<p>\u00a0<\/p>\n<h2>Article 2: Prices<\/h2>\n<p>Les prix aff\u00e9rents aux mat\u00e9riels lou\u00e9s propos\u00e9s sont indiqu\u00e9s sur le site de JAILLET SKI SHOP. Ils sont indiqu\u00e9s en euros et tiennent compte de la TVA applicable au jour de la commande.<br\/>Le prix de location de mat\u00e9riel mentionn\u00e9 correspond \u00e0 une dur\u00e9e, \u00e0 une cat\u00e9gorie, suivant le nombre de jours de r\u00e9servation.<br\/>Le prix mentionn\u00e9 lors de la r\u00e9servation est \u00e9tabli pour la d\u00e9termination des arrhes \u00e0 payer lors de la r\u00e9servation.<br\/>L&#8217;offre internet n&#8217;est cumulable avec aucune autre promotion : le paiement du solde en magasin ne peut \u00eatre soumis \u00e0 une remise suppl\u00e9mentaire, ni inclure les bons de r\u00e9duction ou autre r\u00e9duction d\u00e9coulant d&#8217;un partenariat.<br\/>Jaillet ski shop rappelle que les conditions tarifaires propos\u00e9es sur le site ne sont valables que pour les r\u00e9servations effectu\u00e9es via le site. Ainsi toute location de mat\u00e9riel r\u00e9alis\u00e9e directement au magasin se fera au tarif public en vigueur.<\/p>\n<h2>Article 3: Payment terms<\/h2>\n<p>Le r\u00e8glement des sommes dues \u00e0 le r\u00e9servation est effectu\u00e9 par carte bancaire au moyen d\u2019un syst\u00e8me de transmission s\u00e9curis\u00e9.<br\/>Le solde de la r\u00e9servation s\u2019effectuera \u00e0 la prise de votre mat\u00e9riel.<\/p>\n<h2>Article 4: Formation of the contract<\/h2>\n<p>La r\u00e9servation est conclue et ne devient effective qu\u2019\u00e0 r\u00e9ception par Jaillet ski shop de l\u2019accord de la plate forme de paiement et d\u2019un e-mail de confirmation de la prise en compte de la r\u00e9servation.<\/p>\n<h2>Article 5: Provision of reserved equipment and return of equipment.<\/h2>\n<p>Dur\u00e9e de location<\/p>\n<p>Le mat\u00e9riel est r\u00e9put\u00e9 \u00eatre en bon \u00e9tat et propre \u00e0 une utilisation normale. Le client est seul juge de sa capacit\u00e9 \u00e0 utiliser ce mat\u00e9riel.<br\/>Le mat\u00e9riel lou\u00e9 est plac\u00e9 sous la responsabilit\u00e9 du client d\u00e8s qu&#8217;il en prend possession. Il doit prendre soin du mat\u00e9riel et lui assurer un usage normal de loisirs. Le mat\u00e9riel est lou\u00e9 \u00e0 l\u2019usage exclusif du client et ne pourra en aucun cas \u00eatre pr\u00eat\u00e9 ou sous-lou\u00e9, ni confi\u00e9 \u00e0 un tiers. Le mat\u00e9riel peut \u00eatre r\u00e9cup\u00e9r\u00e9 la veille du premier jour de skis \u00e0 partir de 15h30 et \u00eatre restitu\u00e9 \u00e0 la fin de la derni\u00e8re journ\u00e9e de location ou le lendemain avant 9h45.<br\/>Tout retour de mat\u00e9riel apr\u00e8s 9h45 le lendemain du jour de restitution entrainera la facturation par le magasin d\u2019une journ\u00e9e de location au tarif affich\u00e9 dans le magasin.<\/p>\n<h2>Article 6: Liability and guarantee<\/h2>\n<p>Sous r\u00e9serve de l&#8217;ex\u00e9cution des obligations d\u00e9coulant du contrat, le client b\u00e9n\u00e9ficie des dispositions suivantes, sauf cas de fraude :<\/p>\n<p>1) La perte et la disparition du mat\u00e9riel ne sont pas couverts. Dans ces cas, le mat\u00e9riel sera factur\u00e9 au client sur la base du prix de vente TTC du mat\u00e9riel, d\u00e9duction faite d&#8217;un pourcentage de v\u00e9tust\u00e9 de 10% par an.<\/p>\n<p>2) En cas de vol par le client, de d\u00e9tournement ou dommage quelconque au mat\u00e9riel r\u00e9sultant du non-respect des r\u00e8gles d&#8217;utilisation ou de la r\u00e9glementation en vigueur, ou des termes et conditions du pr\u00e9sent contrat, JAILLET SKI SHOP est habilit\u00e9e \u00e0 exercer un recours pour la totalit\u00e9 du pr\u00e9judice.<\/p>\n<h2>Article 7: Legal provisions<\/h2>\n<p>Le fait pour le client d\u2019activer l\u2019option \u00ab J\u2019accepte les conditions g\u00e9n\u00e9rales de location \u00bb vaut l\u2019acceptation des pr\u00e9sentes conditions g\u00e9n\u00e9rales ainsi que du bon de commande et pr\u00e9voient que le droit de r\u00e9tractation n&#8217;est pas applicable aux activit\u00e9s de loisirs qui doivent \u00eatre fournis \u00e0 une date ou \u00e0 une p\u00e9riode d\u00e9termin\u00e9e (article L 221-28 12\u00b0 du code de la consommation). Ainsi, pour toute r\u00e9servation effectu\u00e9e sur le pr\u00e9sent site, le client ne b\u00e9n\u00e9ficie d\u2019aucun droit de r\u00e9tractation. De ce fait, JAILLET SKI SHOP conservera la totalit\u00e9 du paiement. Toutefois, JAILLET SKI SHOP pourra vous proposer une transaction amiable.<\/p>\n<h2>Article 8: Informations<\/h2>\n<p>Les informations qui sont demand\u00e9es par JAILLET SKI SHOP sont n\u00e9cessaires au traitement de la commande.<br\/>Le client dispose d&#8217;un droit d&#8217;acc\u00e8s, de modification, de rectification, de suppression des donn\u00e9es qui le concernent, en \u00e9crivant \u00e0 JAILLET SKI SHOP :<br\/>Par email : info@jailletskishop.com<br\/>Par courrier postal : JAILLET SKI SHOP \u2013 48 route de la t\u00e9l\u00e9cabine 74120 MEGEVE &#8211; FRANCE.<\/p>\n<h2>Article 9: Jurisdiction Applicable law<\/h2>\n<p>Le seul tribunal comp\u00e9tent pour connaitre tout litige aff\u00e9rent \u00e0 la pr\u00e9sente location sera celui dont rel\u00e8ve le si\u00e8ge social du loueur.<\/p>\n<p>[\/vc_column_text][\/vc_column][\/vc_row]<\/p>\n<\/div>","protected":false},"excerpt":{"rendered":"<p>[vc_row][vc_column][vc_column_text css=&#8221;&#8221;] Article 1: Proposed equipment Le mat\u00e9riel propos\u00e9 \u00e0 la R\u00e9servation sur le site Internet est d\u00e9crit sur celui-ci, \u00e9tant pr\u00e9cis\u00e9 que seules que les cat\u00e9gories de mat\u00e9riel sont propos\u00e9es et non des mod\u00e8les pr\u00e9cis. Le client s\u00e9lectionne et r\u00e9serve une cat\u00e9gorie de mat\u00e9riel. les exemples de mat\u00e9riel sont donn\u00e9s purement \u00e0 titre indicatif [&hellip;]<\/p>\n","protected":false},"author":4,"featured_media":0,"parent":0,"menu_order":0,"comment_status":"closed","ping_status":"closed","template":"","meta":{"_seopress_robots_primary_cat":"0","_seopress_titles_title":"","_seopress_titles_desc":"","_seopress_robots_index":"","footnotes":""},"class_list":["post-7586","page","type-page","status-publish","hentry"],"_links":{"self":[{"href":"https:\/\/www.jailletskishop.com\/en\/wp-json\/wp\/v2\/pages\/7586","targetHints":{"allow":["GET"]}}],"collection":[{"href":"https:\/\/www.jailletskishop.com\/en\/wp-json\/wp\/v2\/pages"}],"about":[{"href":"https:\/\/www.jailletskishop.com\/en\/wp-json\/wp\/v2\/types\/page"}],"author":[{"embeddable":true,"href":"https:\/\/www.jailletskishop.com\/en\/wp-json\/wp\/v2\/users\/4"}],"replies":[{"embeddable":true,"href":"https:\/\/www.jailletskishop.com\/en\/wp-json\/wp\/v2\/comments?post=7586"}],"version-history":[{"count":1,"href":"https:\/\/www.jailletskishop.com\/en\/wp-json\/wp\/v2\/pages\/7586\/revisions"}],"predecessor-version":[{"id":7587,"href":"https:\/\/www.jailletskishop.com\/en\/wp-json\/wp\/v2\/pages\/7586\/revisions\/7587"}],"wp:attachment":[{"href":"https:\/\/www.jailletskishop.com\/en\/wp-json\/wp\/v2\/media?parent=7586"}],"curies":[{"name":"wp","href":"https:\/\/api.w.org\/{rel}","templated":true}]}}